{"id":52,"date":"2025-08-03T01:17:09","date_gmt":"2025-08-02T23:17:09","guid":{"rendered":"https:\/\/fach-faktura.de\/?page_id=52"},"modified":"2025-10-23T12:24:49","modified_gmt":"2025-10-23T10:24:49","slug":"datenschutzerklaerung-hannover-region-fach-faktura","status":"publish","type":"page","link":"https:\/\/fach-faktura.de\/?page_id=52","title":{"rendered":"Datenschutzerkl\u00e4rung"},"content":{"rendered":"<p><?php\n\/*\nTemplate Name: Datenschutzerkl\u00e4rung\n*\/\nget_header(); ?><\/p>\n<div style=\"padding: 150px 0 50px 0; background: #f8f9fa;\">\n<div class=\"container\">\n<div style=\"max-width: 800px; margin: 0 auto; background: white; padding: 3rem; border-radius: 15px; box-shadow: 0 10px 30px rgba(0,0,0,0.1);\">\n<h1 style=\"color: #961981; margin-bottom: 2rem;\">Datenschutzerkl\u00e4rung<\/h1>\n<h2>1. Verantwortlicher<\/h2>\n<p><strong>FACH-FAKTURA GmbH<\/strong><br \/>\n            Schlehenweg 2<br \/>\n            30855 Langenhagen<br \/>\n            Deutschland<\/p>\n<p><strong>Telefon:<\/strong> +49 177 78 75 619<br \/>\n            <strong>E-Mail:<\/strong> k.mokin@fach-faktura.de<br \/>\n            <strong>Gesch\u00e4ftsf\u00fchrerin:<\/strong> Krystyna Mokin<\/p>\n<h2>2. Erhebung und Speicherung personenbezogener Daten sowie Art und Zweck von deren Verwendung<\/h2>\n<h3>a) Beim Besuch der Website<\/h3>\n<p>Beim Aufrufen unserer Website fach-faktura.de werden durch den auf Ihrem Endger\u00e4t zum Einsatz kommenden Browser automatisch Informationen an den Server unserer Website gesendet. Diese Informationen werden tempor\u00e4r in einem sog. Logfile gespeichert. Folgende Informationen werden dabei ohne Ihr Zutun erfasst und bis zur automatisierten L\u00f6schung gespeichert:<\/p>\n<ul>\n<li>IP-Adresse des anfragenden Rechners,<\/li>\n<li>Datum und Uhrzeit des Zugriffs,<\/li>\n<li>Name und URL der abgerufenen Datei,<\/li>\n<li>Website, von der aus der Zugriff erfolgt (Referrer-URL),<\/li>\n<li>verwendeter Browser und ggf. das Betriebssystem Ihres Rechners sowie der Name Ihres Access-Providers.<\/li>\n<\/ul>\n<h3>b) Bei der Nutzung unseres Kontaktformulars<\/h3>\n<p>Bei Fragen jeglicher Art bieten wir Ihnen die M\u00f6glichkeit, mit uns \u00fcber ein auf der Website bereitgestelltes Formular Kontakt aufzunehmen. Dabei sind folgende Angaben erforderlich:<\/p>\n<ul>\n<li>Name<\/li>\n<li>E-Mail-Adresse<\/li>\n<li>Nachricht<\/li>\n<\/ul>\n<p>Optional k\u00f6nnen Sie weitere Informationen wie Unternehmen, Telefonnummer und gew\u00fcnschte Leistung angeben.<\/p>\n<h2>3. Weitergabe von Daten<\/h2>\n<p>Eine \u00dcbermittlung Ihrer pers\u00f6nlichen Daten an Dritte zu anderen als den im Folgenden aufgef\u00fchrten Zwecken findet nicht statt. Wir geben Ihre pers\u00f6nlichen Daten nur an Dritte weiter, wenn:<\/p>\n<ul>\n<li>Sie Ihre nach Art. 6 Abs. 1 S. 1 lit. a DSGVO ausdr\u00fcckliche Einwilligung dazu erteilt haben,<\/li>\n<li>die Weitergabe nach Art. 6 Abs. 1 S. 1 lit. f DSGVO zur Geltendmachung, Aus\u00fcbung oder Verteidigung von Rechtsanspr\u00fcchen erforderlich ist,<\/li>\n<li>f\u00fcr den Fall, dass f\u00fcr die Weitergabe nach Art. 6 Abs. 1 S. 1 lit. c DSGVO eine gesetzliche Verpflichtung besteht.<\/li>\n<\/ul>\n<h2>4. Cookies<\/h2>\n<p>Wir setzen auf unserer Seite Cookies ein. Hierbei handelt es sich um kleine Dateien, die Ihr Browser automatisch erstellt und die auf Ihrem Endger\u00e4t (Laptop, Tablet, Smartphone o.\u00e4.) gespeichert werden, wenn Sie unsere Seite besuchen.<\/p>\n<h3>Arten von Cookies:<\/h3>\n<ul>\n<li><strong>Essenzielle Cookies:<\/strong> F\u00fcr die Grundfunktionen der Website erforderlich<\/li>\n<li><strong>Analytics Cookies:<\/strong> Zur Analyse des Nutzerverhaltens (nur mit Ihrer Einwilligung)<\/li>\n<li><strong>Marketing Cookies:<\/strong> F\u00fcr personalisierte Werbung (nur mit Ihrer Einwilligung)<\/li>\n<\/ul>\n<h2>5. Analyse-Tools<\/h2>\n<p>Diese Website benutzt Google Analytics, einen Webanalysedienst der Google Inc. (&#8222;Google&#8220;) nur mit Ihrer ausdr\u00fccklichen Einwilligung. Die durch den Cookie erzeugten Informationen \u00fcber Ihre Benutzung dieser Website werden in der Regel an einen Server von Google in den USA \u00fcbertragen und dort gespeichert.<\/p>\n<h2>6. Ihre Rechte<\/h2>\n<p>Sie haben gegen\u00fcber uns folgende Rechte hinsichtlich der Sie betreffenden personenbezogenen Daten:<\/p>\n<ul>\n<li>Recht auf Auskunft,<\/li>\n<li>Recht auf Berichtigung oder L\u00f6schung,<\/li>\n<li>Recht auf Einschr\u00e4nkung der Verarbeitung,<\/li>\n<li>Recht auf Widerspruch gegen die Verarbeitung,<\/li>\n<li>Recht auf Daten\u00fcbertragbarkeit.<\/li>\n<\/ul>\n<h2>7. Recht auf Beschwerde bei einer Aufsichtsbeh\u00f6rde<\/h2>\n<p>Sie haben das Recht, sich bei einer Aufsichtsbeh\u00f6rde zu beschweren. Zust\u00e4ndige Aufsichtsbeh\u00f6rde in datenschutzrechtlichen Fragen ist der Landesdatenschutzbeauftragte des Bundeslandes, in dem unser Unternehmen seinen Sitz hat.<\/p>\n<h2>8. SSL-Verschl\u00fcsselung<\/h2>\n<p>Diese Seite nutzt aus Sicherheitsgr\u00fcnden und zum Schutz der \u00dcbertragung vertraulicher Inhalte eine SSL-Verschl\u00fcsselung. Eine verschl\u00fcsselte Verbindung erkennen Sie daran, dass die Adresszeile des Browsers von &#8222;http:\/\/&#8220; auf &#8222;https:\/\/&#8220; wechselt und an dem Schloss-Symbol in Ihrer Browserzeile.<\/p>\n<h2>9. Aktualit\u00e4t und \u00c4nderung dieser Datenschutzerkl\u00e4rung<\/h2>\n<p>Diese Datenschutzerkl\u00e4rung ist aktuell g\u00fcltig und hat den Stand M\u00e4rz 2025. Durch die Weiterentwicklung unserer Website und Angebote dar\u00fcber oder aufgrund ge\u00e4nderter gesetzlicher beziehungsweise beh\u00f6rdlicher Vorgaben kann es notwendig werden, diese Datenschutzerkl\u00e4rung zu \u00e4ndern.<\/p>\n<h2>10. Kontakt f\u00fcr Datenschutzfragen<\/h2>\n<p>Bei Fragen zum Datenschutz k\u00f6nnen Sie sich jederzeit an uns wenden:<\/p>\n<p><strong>FACH-FAKTURA GmbH<\/strong><br \/>\n            Krystyna Mokin<br \/>\n            Schlehenweg 2<br \/>\n            30855 Langenhagen<br \/>\n            E-Mail: k.mokin@fach-faktura.de<br \/>\n            Telefon: +49 177 78 75 619<\/p>\n<p><strong>Stand:<\/strong> M\u00e4rz 2025<\/p>\n<div style=\"text-align: center; margin-top: 3rem;\">\n                <a href=\"<?php echo home_url(); ?>&#8220; class=&#8220;btn btn-primary&#8220;>Zur\u00fcck zur Startseite<\/a>\n            <\/div>\n<\/p><\/div>\n<\/p><\/div>\n<\/div>\n<p><?php get_footer(); ?><\/p>\n","protected":false},"excerpt":{"rendered":"<p>Datenschutzerkl\u00e4rung 1. Verantwortlicher FACH-FAKTURA GmbH Schlehenweg 2 30855 Langenhagen Deutschland Telefon: +49 177 78 75 619 E-Mail: k.mokin@fach-faktura.de Gesch\u00e4ftsf\u00fchrerin: Krystyna Mokin 2. Erhebung und Speicherung personenbezogener Daten sowie Art und Zweck von deren Verwendung a) Beim Besuch der Website Beim Aufrufen unserer Website fach-faktura.de werden durch den auf Ihrem Endger\u00e4t zum Einsatz kommenden Browser automatisch [&hellip;]<\/p>\n","protected":false},"author":1,"featured_media":0,"parent":0,"menu_order":0,"comment_status":"closed","ping_status":"closed","template":"page-datenschutz.php","meta":{"footnotes":""},"class_list":["post-52","page","type-page","status-publish","hentry"],"yoast_head":"<!-- This site is optimized with the Yoast SEO plugin v27.4 - https:\/\/yoast.com\/product\/yoast-seo-wordpress\/ -->\n<title>Lohnabrechnung Hannover &amp; Region \u2013 Baulohn | Fach-Faktura<\/title>\n<meta name=\"description\" content=\"Lohnabrechnung f\u00fcr Hannover &amp; Region. Spezialisiert auf Baulohn, SOKA-Bau &amp; Handwerksbetriebe. Fach-Faktura \u2013 Erfahrung seit 2013.\" \/>\n<meta name=\"robots\" content=\"index, follow, max-snippet:-1, max-image-preview:large, max-video-preview:-1\" \/>\n<link rel=\"canonical\" href=\"https:\/\/fach-faktura.de\/?page_id=52\" \/>\n<meta property=\"og:locale\" content=\"de_DE\" \/>\n<meta property=\"og:type\" content=\"article\" \/>\n<meta property=\"og:title\" content=\"Lohnabrechnung Hannover &amp; Region \u2013 Baulohn | Fach-Faktura\" \/>\n<meta property=\"og:description\" content=\"Lohnabrechnung f\u00fcr Hannover &amp; Region. Spezialisiert auf Baulohn, SOKA-Bau &amp; Handwerksbetriebe. Fach-Faktura \u2013 Erfahrung seit 2013.\" \/>\n<meta property=\"og:url\" content=\"https:\/\/fach-faktura.de\/?page_id=52\" \/>\n<meta property=\"og:site_name\" content=\"Fach-Faktura GmbH\" \/>\n<meta property=\"article:publisher\" content=\"https:\/\/www.facebook.com\/profile.php?id=61578674406310\" \/>\n<meta property=\"article:modified_time\" content=\"2025-10-23T10:24:49+00:00\" \/>\n<meta name=\"twitter:card\" content=\"summary_large_image\" \/>\n<meta name=\"twitter:label1\" content=\"Gesch\u00e4tzte Lesezeit\" \/>\n\t<meta name=\"twitter:data1\" content=\"4\u00a0Minuten\" \/>\n<script type=\"application\/ld+json\" class=\"yoast-schema-graph\">{\"@context\":\"https:\\\/\\\/schema.org\",\"@graph\":[{\"@type\":\"WebPage\",\"@id\":\"https:\\\/\\\/fach-faktura.de\\\/?page_id=52\",\"url\":\"https:\\\/\\\/fach-faktura.de\\\/?page_id=52\",\"name\":\"Lohnabrechnung Hannover & Region \u2013 Baulohn | Fach-Faktura\",\"isPartOf\":{\"@id\":\"https:\\\/\\\/fach-faktura.de\\\/#website\"},\"datePublished\":\"2025-08-02T23:17:09+00:00\",\"dateModified\":\"2025-10-23T10:24:49+00:00\",\"description\":\"Lohnabrechnung f\u00fcr Hannover & Region. Spezialisiert auf Baulohn, SOKA-Bau & Handwerksbetriebe. Fach-Faktura \u2013 Erfahrung seit 2013.\",\"breadcrumb\":{\"@id\":\"https:\\\/\\\/fach-faktura.de\\\/?page_id=52#breadcrumb\"},\"inLanguage\":\"de\",\"potentialAction\":[{\"@type\":\"ReadAction\",\"target\":[\"https:\\\/\\\/fach-faktura.de\\\/?page_id=52\"]}]},{\"@type\":\"BreadcrumbList\",\"@id\":\"https:\\\/\\\/fach-faktura.de\\\/?page_id=52#breadcrumb\",\"itemListElement\":[{\"@type\":\"ListItem\",\"position\":1,\"name\":\"Startseite\",\"item\":\"https:\\\/\\\/fach-faktura.de\\\/\"},{\"@type\":\"ListItem\",\"position\":2,\"name\":\"Datenschutzerkl\u00e4rung\"}]},{\"@type\":\"WebSite\",\"@id\":\"https:\\\/\\\/fach-faktura.de\\\/#website\",\"url\":\"https:\\\/\\\/fach-faktura.de\\\/\",\"name\":\"FACH-FAKTURA - Professionelle Lohnabrechnung seit 2013\",\"description\":\"Lohnabrechnung Hannover &amp; Region seit 2013\",\"publisher\":{\"@id\":\"https:\\\/\\\/fach-faktura.de\\\/#organization\"},\"alternateName\":\"FACH-FAKTURA GmbH\",\"potentialAction\":[{\"@type\":\"SearchAction\",\"target\":{\"@type\":\"EntryPoint\",\"urlTemplate\":\"https:\\\/\\\/fach-faktura.de\\\/?s={search_term_string}\"},\"query-input\":{\"@type\":\"PropertyValueSpecification\",\"valueRequired\":true,\"valueName\":\"search_term_string\"}}],\"inLanguage\":\"de\"},{\"@type\":\"Organization\",\"@id\":\"https:\\\/\\\/fach-faktura.de\\\/#organization\",\"name\":\"Fach-Faktura GmbH\",\"url\":\"https:\\\/\\\/fach-faktura.de\\\/\",\"logo\":{\"@type\":\"ImageObject\",\"inLanguage\":\"de\",\"@id\":\"https:\\\/\\\/fach-faktura.de\\\/#\\\/schema\\\/logo\\\/image\\\/\",\"url\":\"https:\\\/\\\/fach-faktura.de\\\/wp-content\\\/uploads\\\/2025\\\/08\\\/cropped-LOGO-FAKTURA-1.jpg\",\"contentUrl\":\"https:\\\/\\\/fach-faktura.de\\\/wp-content\\\/uploads\\\/2025\\\/08\\\/cropped-LOGO-FAKTURA-1.jpg\",\"width\":512,\"height\":512,\"caption\":\"Fach-Faktura GmbH\"},\"image\":{\"@id\":\"https:\\\/\\\/fach-faktura.de\\\/#\\\/schema\\\/logo\\\/image\\\/\"},\"sameAs\":[\"https:\\\/\\\/www.facebook.com\\\/profile.php?id=61578674406310\",\"https:\\\/\\\/www.instagram.com\\\/fachfakturagmbh\\\/\",\"https:\\\/\\\/www.linkedin.com\\\/in\\\/krystyna-mokin-3a54b8376\"]}]}<\/script>\n<!-- \/ Yoast SEO plugin. -->","yoast_head_json":{"title":"Lohnabrechnung Hannover & Region \u2013 Baulohn | Fach-Faktura","description":"Lohnabrechnung f\u00fcr Hannover & Region. Spezialisiert auf Baulohn, SOKA-Bau & Handwerksbetriebe. Fach-Faktura \u2013 Erfahrung seit 2013.","robots":{"index":"index","follow":"follow","max-snippet":"max-snippet:-1","max-image-preview":"max-image-preview:large","max-video-preview":"max-video-preview:-1"},"canonical":"https:\/\/fach-faktura.de\/?page_id=52","og_locale":"de_DE","og_type":"article","og_title":"Lohnabrechnung Hannover & Region \u2013 Baulohn | Fach-Faktura","og_description":"Lohnabrechnung f\u00fcr Hannover & Region. Spezialisiert auf Baulohn, SOKA-Bau & Handwerksbetriebe. Fach-Faktura \u2013 Erfahrung seit 2013.","og_url":"https:\/\/fach-faktura.de\/?page_id=52","og_site_name":"Fach-Faktura GmbH","article_publisher":"https:\/\/www.facebook.com\/profile.php?id=61578674406310","article_modified_time":"2025-10-23T10:24:49+00:00","twitter_card":"summary_large_image","twitter_misc":{"Gesch\u00e4tzte Lesezeit":"4\u00a0Minuten"},"schema":{"@context":"https:\/\/schema.org","@graph":[{"@type":"WebPage","@id":"https:\/\/fach-faktura.de\/?page_id=52","url":"https:\/\/fach-faktura.de\/?page_id=52","name":"Lohnabrechnung Hannover & Region \u2013 Baulohn | Fach-Faktura","isPartOf":{"@id":"https:\/\/fach-faktura.de\/#website"},"datePublished":"2025-08-02T23:17:09+00:00","dateModified":"2025-10-23T10:24:49+00:00","description":"Lohnabrechnung f\u00fcr Hannover & Region. Spezialisiert auf Baulohn, SOKA-Bau & Handwerksbetriebe. Fach-Faktura \u2013 Erfahrung seit 2013.","breadcrumb":{"@id":"https:\/\/fach-faktura.de\/?page_id=52#breadcrumb"},"inLanguage":"de","potentialAction":[{"@type":"ReadAction","target":["https:\/\/fach-faktura.de\/?page_id=52"]}]},{"@type":"BreadcrumbList","@id":"https:\/\/fach-faktura.de\/?page_id=52#breadcrumb","itemListElement":[{"@type":"ListItem","position":1,"name":"Startseite","item":"https:\/\/fach-faktura.de\/"},{"@type":"ListItem","position":2,"name":"Datenschutzerkl\u00e4rung"}]},{"@type":"WebSite","@id":"https:\/\/fach-faktura.de\/#website","url":"https:\/\/fach-faktura.de\/","name":"FACH-FAKTURA - Professionelle Lohnabrechnung seit 2013","description":"Lohnabrechnung Hannover &amp; Region seit 2013","publisher":{"@id":"https:\/\/fach-faktura.de\/#organization"},"alternateName":"FACH-FAKTURA GmbH","potentialAction":[{"@type":"SearchAction","target":{"@type":"EntryPoint","urlTemplate":"https:\/\/fach-faktura.de\/?s={search_term_string}"},"query-input":{"@type":"PropertyValueSpecification","valueRequired":true,"valueName":"search_term_string"}}],"inLanguage":"de"},{"@type":"Organization","@id":"https:\/\/fach-faktura.de\/#organization","name":"Fach-Faktura GmbH","url":"https:\/\/fach-faktura.de\/","logo":{"@type":"ImageObject","inLanguage":"de","@id":"https:\/\/fach-faktura.de\/#\/schema\/logo\/image\/","url":"https:\/\/fach-faktura.de\/wp-content\/uploads\/2025\/08\/cropped-LOGO-FAKTURA-1.jpg","contentUrl":"https:\/\/fach-faktura.de\/wp-content\/uploads\/2025\/08\/cropped-LOGO-FAKTURA-1.jpg","width":512,"height":512,"caption":"Fach-Faktura GmbH"},"image":{"@id":"https:\/\/fach-faktura.de\/#\/schema\/logo\/image\/"},"sameAs":["https:\/\/www.facebook.com\/profile.php?id=61578674406310","https:\/\/www.instagram.com\/fachfakturagmbh\/","https:\/\/www.linkedin.com\/in\/krystyna-mokin-3a54b8376"]}]}},"_links":{"self":[{"href":"https:\/\/fach-faktura.de\/index.php?rest_route=\/wp\/v2\/pages\/52","targetHints":{"allow":["GET"]}}],"collection":[{"href":"https:\/\/fach-faktura.de\/index.php?rest_route=\/wp\/v2\/pages"}],"about":[{"href":"https:\/\/fach-faktura.de\/index.php?rest_route=\/wp\/v2\/types\/page"}],"author":[{"embeddable":true,"href":"https:\/\/fach-faktura.de\/index.php?rest_route=\/wp\/v2\/users\/1"}],"replies":[{"embeddable":true,"href":"https:\/\/fach-faktura.de\/index.php?rest_route=%2Fwp%2Fv2%2Fcomments&post=52"}],"version-history":[{"count":1,"href":"https:\/\/fach-faktura.de\/index.php?rest_route=\/wp\/v2\/pages\/52\/revisions"}],"predecessor-version":[{"id":53,"href":"https:\/\/fach-faktura.de\/index.php?rest_route=\/wp\/v2\/pages\/52\/revisions\/53"}],"wp:attachment":[{"href":"https:\/\/fach-faktura.de\/index.php?rest_route=%2Fwp%2Fv2%2Fmedia&parent=52"}],"curies":[{"name":"wp","href":"https:\/\/api.w.org\/{rel}","templated":true}]}}