{"id":50,"date":"2025-08-03T01:16:17","date_gmt":"2025-08-02T23:16:17","guid":{"rendered":"https:\/\/fach-faktura.de\/?page_id=50"},"modified":"2025-10-23T12:23:26","modified_gmt":"2025-10-23T10:23:26","slug":"impressum-hannover-region-fach-faktura","status":"publish","type":"page","link":"https:\/\/fach-faktura.de\/?page_id=50","title":{"rendered":"Impressum"},"content":{"rendered":"<p><?php\n\/*\nTemplate Name: Impressum\n*\/\nget_header(); ?><\/p>\n<div style=\"padding: 150px 0 50px 0; background: #f8f9fa;\">\n<div class=\"container\">\n<div style=\"max-width: 800px; margin: 0 auto; background: white; padding: 3rem; border-radius: 15px; box-shadow: 0 10px 30px rgba(0,0,0,0.1);\">\n<h1 style=\"color: #961981; margin-bottom: 2rem;\">Impressum<\/h1>\n<h2>Angaben gem\u00e4\u00df \u00a7 5 TMG<\/h2>\n<p><strong>FACH-FAKTURA GmbH<\/strong><br \/>\n            Schlehenweg 2<br \/>\n            30855 Langenhagen<br \/>\n            Deutschland<\/p>\n<h2>Vertreten durch<\/h2>\n<p><strong>Gesch\u00e4ftsf\u00fchrerin:<\/strong> Krystyna Mokin<\/p>\n<h2>Kontakt<\/h2>\n<p><strong>Telefon:<\/strong> +49 177 78 75 619<br \/>\n            <strong>E-Mail:<\/strong> k.mokin@fach-faktura.de<br \/>\n            <strong>Website:<\/strong> https:\/\/fach-faktura.de<\/p>\n<h2>Registereintrag<\/h2>\n<p><strong>Eintragung im Handelsregister:<\/strong><br \/>\n            Registergericht: Amtsgericht Hannover<br \/>\n            Registernummer: HRB [Registernummer]<\/p>\n<h2>Umsatzsteuer-ID<\/h2>\n<p><strong>Umsatzsteuer-Identifikationsnummer gem\u00e4\u00df \u00a7 27 a Umsatzsteuergesetz:<\/strong><br \/>\n            DE[Umsatzsteuer-ID]<\/p>\n<h2>Berufsrechtliche Regelungen<\/h2>\n<p><strong>Berufsbezeichnung:<\/strong> Lohnbuchhaltung \/ Payroll Services<br \/>\n            <strong>Kammer:<\/strong> IHK Hannover<br \/>\n            <strong>Verliehen in:<\/strong> Deutschland<\/p>\n<h2>Redaktionell verantwortlich<\/h2>\n<p>Krystyna Mokin<br \/>\n            Schlehenweg 2<br \/>\n            30855 Langenhagen<\/p>\n<h2>EU-Streitschlichtung<\/h2>\n<p>Die Europ\u00e4ische Kommission stellt eine Plattform zur Online-Streitbeilegung (OS) bereit: <a href=\"https:\/\/ec.europa.eu\/consumers\/odr\/\" target=\"_blank\" style=\"color: #961981;\">https:\/\/ec.europa.eu\/consumers\/odr\/<\/a><br \/>\n            Unsere E-Mail-Adresse finden Sie oben im Impressum.<\/p>\n<h2>Verbraucherstreitbeilegung\/Universalschlichtungsstelle<\/h2>\n<p>Wir sind nicht bereit oder verpflichtet, an Streitbeilegungsverfahren vor einer Verbraucherschlichtungsstelle teilzunehmen.<\/p>\n<h2>Berufshaftpflichtversicherung<\/h2>\n<p><strong>Versicherer:<\/strong> [Name der Versicherung]<br \/>\n            <strong>Versicherungsumfang:<\/strong> Deutschland und EU<br \/>\n            <strong>Deckungssumme:<\/strong> [Deckungssumme]<\/p>\n<h2>Bildnachweis<\/h2>\n<p>Die auf dieser Website verwendeten Bilder stammen aus folgenden Quellen:<\/p>\n<ul>\n<li>Gesch\u00e4ftsf\u00fchrerin-Foto: Eigenes Bildmaterial<\/li>\n<li>Hero-Bilder: Unsplash\/Pexels (lizenzfrei)<\/li>\n<li>Icons: Eigene Erstellung<\/li>\n<li>Weitere Bilder: Lizenzfrei oder mit entsprechender Lizenz<\/li>\n<\/ul>\n<h2>Haftungsausschluss<\/h2>\n<h3>Haftung f\u00fcr Inhalte<\/h3>\n<p>Als Diensteanbieter sind wir gem\u00e4\u00df \u00a7 7 Abs.1 TMG f\u00fcr eigene Inhalte auf diesen Seiten nach den allgemeinen Gesetzen verantwortlich. Nach \u00a7\u00a7 8 bis 10 TMG sind wir als Diensteanbieter jedoch nicht unter der Verpflichtung, \u00fcbermittelte oder gespeicherte fremde Informationen zu \u00fcberwachen oder nach Umst\u00e4nden zu forschen, die auf eine rechtswidrige T\u00e4tigkeit hinweisen.<\/p>\n<h3>Haftung f\u00fcr Links<\/h3>\n<p>Unser Angebot enth\u00e4lt Links zu externen Websites Dritter, auf deren Inhalte wir keinen Einfluss haben. Deshalb k\u00f6nnen wir f\u00fcr diese fremden Inhalte auch keine Gew\u00e4hr \u00fcbernehmen. F\u00fcr die Inhalte der verlinkten Seiten ist stets der jeweilige Anbieter oder Betreiber der Seiten verantwortlich.<\/p>\n<h3>Urheberrecht<\/h3>\n<p>Die durch die Seitenbetreiber erstellten Inhalte und Werke auf diesen Seiten unterliegen dem deutschen Urheberrecht. Die Vervielf\u00e4ltigung, Bearbeitung, Verbreitung und jede Art der Verwertung au\u00dferhalb der Grenzen des Urheberrechtes bed\u00fcrfen der schriftlichen Zustimmung des jeweiligen Autors bzw. Erstellers.<\/p>\n<h2>\u00d6ffnungszeiten<\/h2>\n<p><strong>Montag &#8211; Freitag:<\/strong> 09:00 &#8211; 16:00 Uhr<br \/>\n            <strong>Termine:<\/strong> Nach Vereinbarung (Pr\u00e4senz und Online)<\/p>\n<h2>Gesch\u00e4ftst\u00e4tigkeit<\/h2>\n<p><strong>Hauptt\u00e4tigkeiten:<\/strong><\/p>\n<ul>\n<li>Lohnabrechnung f\u00fcr alle Branchen<\/li>\n<li>Baulohn mit SOKA-Bau Besonderheiten<\/li>\n<li>A\u00dcG-L\u00f6hne und Equal Pay Berechnungen<\/li>\n<li>Digitale Daten\u00fcbermittlung an Beh\u00f6rden<\/li>\n<li>Software-Integration (DATEV, Addison, Lexware, Zvoove, Agenda)<\/li>\n<li>Betreuung bei Betriebspr\u00fcfungen<\/li>\n<\/ul>\n<p><strong>Zertifizierungen:<\/strong><\/p>\n<ul>\n<li>IHK-zertifiziert<\/li>\n<li>Kontinuierliche Weiterbildung bei IHK &#038; Steuerberaterkammer<\/li>\n<li>DSGVO-konforme Datenverarbeitung<\/li>\n<\/ul>\n<p><strong>Stand:<\/strong> M\u00e4rz 2025<\/p>\n<div style=\"text-align: center; margin-top: 3rem;\">\n                <a href=\"<?php echo home_url(); ?>&#8220; class=&#8220;btn btn-primary&#8220;>Zur\u00fcck zur Startseite<\/a>\n            <\/div>\n<\/p><\/div>\n<\/p><\/div>\n<\/div>\n<p><?php get_footer(); ?><\/p>\n","protected":false},"excerpt":{"rendered":"<p>Impressum Angaben gem\u00e4\u00df \u00a7 5 TMG FACH-FAKTURA GmbH Schlehenweg 2 30855 Langenhagen Deutschland Vertreten durch Gesch\u00e4ftsf\u00fchrerin: Krystyna Mokin Kontakt Telefon: +49 177 78 75 619 E-Mail: k.mokin@fach-faktura.de Website: https:\/\/fach-faktura.de Registereintrag Eintragung im Handelsregister: Registergericht: Amtsgericht Hannover Registernummer: HRB [Registernummer] Umsatzsteuer-ID Umsatzsteuer-Identifikationsnummer gem\u00e4\u00df \u00a7 27 a Umsatzsteuergesetz: DE[Umsatzsteuer-ID] Berufsrechtliche Regelungen Berufsbezeichnung: Lohnbuchhaltung \/ Payroll Services Kammer: [&hellip;]<\/p>\n","protected":false},"author":1,"featured_media":0,"parent":0,"menu_order":0,"comment_status":"closed","ping_status":"closed","template":"page-impressum.php","meta":{"footnotes":""},"class_list":["post-50","page","type-page","status-publish","hentry"],"yoast_head":"<!-- This site is optimized with the Yoast SEO plugin v27.4 - https:\/\/yoast.com\/product\/yoast-seo-wordpress\/ -->\n<title>Lohnabrechnung Hannover &amp; Region \u2013 Baulohn | Fach-Faktura<\/title>\n<meta name=\"description\" content=\"Lohnabrechnung f\u00fcr Hannover &amp; Region. Spezialisiert auf Baulohn, SOKA-Bau &amp; Handwerksbetriebe. Fach-Faktura \u2013 Erfahrung seit 2013.\" \/>\n<meta name=\"robots\" content=\"index, follow, max-snippet:-1, max-image-preview:large, max-video-preview:-1\" \/>\n<link rel=\"canonical\" href=\"https:\/\/fach-faktura.de\/?page_id=50\" \/>\n<meta property=\"og:locale\" content=\"de_DE\" \/>\n<meta property=\"og:type\" content=\"article\" \/>\n<meta property=\"og:title\" content=\"Lohnabrechnung Hannover &amp; Region \u2013 Baulohn | Fach-Faktura\" \/>\n<meta property=\"og:description\" content=\"Lohnabrechnung f\u00fcr Hannover &amp; Region. Spezialisiert auf Baulohn, SOKA-Bau &amp; Handwerksbetriebe. Fach-Faktura \u2013 Erfahrung seit 2013.\" \/>\n<meta property=\"og:url\" content=\"https:\/\/fach-faktura.de\/?page_id=50\" \/>\n<meta property=\"og:site_name\" content=\"Fach-Faktura GmbH\" \/>\n<meta property=\"article:publisher\" content=\"https:\/\/www.facebook.com\/profile.php?id=61578674406310\" \/>\n<meta property=\"article:modified_time\" content=\"2025-10-23T10:23:26+00:00\" \/>\n<meta name=\"twitter:card\" content=\"summary_large_image\" \/>\n<meta name=\"twitter:label1\" content=\"Gesch\u00e4tzte Lesezeit\" \/>\n\t<meta name=\"twitter:data1\" content=\"2\u00a0Minuten\" \/>\n<script type=\"application\/ld+json\" class=\"yoast-schema-graph\">{\"@context\":\"https:\\\/\\\/schema.org\",\"@graph\":[{\"@type\":\"WebPage\",\"@id\":\"https:\\\/\\\/fach-faktura.de\\\/?page_id=50\",\"url\":\"https:\\\/\\\/fach-faktura.de\\\/?page_id=50\",\"name\":\"Lohnabrechnung Hannover & Region \u2013 Baulohn | Fach-Faktura\",\"isPartOf\":{\"@id\":\"https:\\\/\\\/fach-faktura.de\\\/#website\"},\"datePublished\":\"2025-08-02T23:16:17+00:00\",\"dateModified\":\"2025-10-23T10:23:26+00:00\",\"description\":\"Lohnabrechnung f\u00fcr Hannover & Region. Spezialisiert auf Baulohn, SOKA-Bau & Handwerksbetriebe. Fach-Faktura \u2013 Erfahrung seit 2013.\",\"breadcrumb\":{\"@id\":\"https:\\\/\\\/fach-faktura.de\\\/?page_id=50#breadcrumb\"},\"inLanguage\":\"de\",\"potentialAction\":[{\"@type\":\"ReadAction\",\"target\":[\"https:\\\/\\\/fach-faktura.de\\\/?page_id=50\"]}]},{\"@type\":\"BreadcrumbList\",\"@id\":\"https:\\\/\\\/fach-faktura.de\\\/?page_id=50#breadcrumb\",\"itemListElement\":[{\"@type\":\"ListItem\",\"position\":1,\"name\":\"Startseite\",\"item\":\"https:\\\/\\\/fach-faktura.de\\\/\"},{\"@type\":\"ListItem\",\"position\":2,\"name\":\"Impressum\"}]},{\"@type\":\"WebSite\",\"@id\":\"https:\\\/\\\/fach-faktura.de\\\/#website\",\"url\":\"https:\\\/\\\/fach-faktura.de\\\/\",\"name\":\"FACH-FAKTURA - Professionelle Lohnabrechnung seit 2013\",\"description\":\"Lohnabrechnung Hannover &amp; Region seit 2013\",\"publisher\":{\"@id\":\"https:\\\/\\\/fach-faktura.de\\\/#organization\"},\"alternateName\":\"FACH-FAKTURA GmbH\",\"potentialAction\":[{\"@type\":\"SearchAction\",\"target\":{\"@type\":\"EntryPoint\",\"urlTemplate\":\"https:\\\/\\\/fach-faktura.de\\\/?s={search_term_string}\"},\"query-input\":{\"@type\":\"PropertyValueSpecification\",\"valueRequired\":true,\"valueName\":\"search_term_string\"}}],\"inLanguage\":\"de\"},{\"@type\":\"Organization\",\"@id\":\"https:\\\/\\\/fach-faktura.de\\\/#organization\",\"name\":\"Fach-Faktura GmbH\",\"url\":\"https:\\\/\\\/fach-faktura.de\\\/\",\"logo\":{\"@type\":\"ImageObject\",\"inLanguage\":\"de\",\"@id\":\"https:\\\/\\\/fach-faktura.de\\\/#\\\/schema\\\/logo\\\/image\\\/\",\"url\":\"https:\\\/\\\/fach-faktura.de\\\/wp-content\\\/uploads\\\/2025\\\/08\\\/cropped-LOGO-FAKTURA-1.jpg\",\"contentUrl\":\"https:\\\/\\\/fach-faktura.de\\\/wp-content\\\/uploads\\\/2025\\\/08\\\/cropped-LOGO-FAKTURA-1.jpg\",\"width\":512,\"height\":512,\"caption\":\"Fach-Faktura GmbH\"},\"image\":{\"@id\":\"https:\\\/\\\/fach-faktura.de\\\/#\\\/schema\\\/logo\\\/image\\\/\"},\"sameAs\":[\"https:\\\/\\\/www.facebook.com\\\/profile.php?id=61578674406310\",\"https:\\\/\\\/www.instagram.com\\\/fachfakturagmbh\\\/\",\"https:\\\/\\\/www.linkedin.com\\\/in\\\/krystyna-mokin-3a54b8376\"]}]}<\/script>\n<!-- \/ Yoast SEO plugin. -->","yoast_head_json":{"title":"Lohnabrechnung Hannover & Region \u2013 Baulohn | Fach-Faktura","description":"Lohnabrechnung f\u00fcr Hannover & Region. Spezialisiert auf Baulohn, SOKA-Bau & Handwerksbetriebe. Fach-Faktura \u2013 Erfahrung seit 2013.","robots":{"index":"index","follow":"follow","max-snippet":"max-snippet:-1","max-image-preview":"max-image-preview:large","max-video-preview":"max-video-preview:-1"},"canonical":"https:\/\/fach-faktura.de\/?page_id=50","og_locale":"de_DE","og_type":"article","og_title":"Lohnabrechnung Hannover & Region \u2013 Baulohn | Fach-Faktura","og_description":"Lohnabrechnung f\u00fcr Hannover & Region. Spezialisiert auf Baulohn, SOKA-Bau & Handwerksbetriebe. Fach-Faktura \u2013 Erfahrung seit 2013.","og_url":"https:\/\/fach-faktura.de\/?page_id=50","og_site_name":"Fach-Faktura GmbH","article_publisher":"https:\/\/www.facebook.com\/profile.php?id=61578674406310","article_modified_time":"2025-10-23T10:23:26+00:00","twitter_card":"summary_large_image","twitter_misc":{"Gesch\u00e4tzte Lesezeit":"2\u00a0Minuten"},"schema":{"@context":"https:\/\/schema.org","@graph":[{"@type":"WebPage","@id":"https:\/\/fach-faktura.de\/?page_id=50","url":"https:\/\/fach-faktura.de\/?page_id=50","name":"Lohnabrechnung Hannover & Region \u2013 Baulohn | Fach-Faktura","isPartOf":{"@id":"https:\/\/fach-faktura.de\/#website"},"datePublished":"2025-08-02T23:16:17+00:00","dateModified":"2025-10-23T10:23:26+00:00","description":"Lohnabrechnung f\u00fcr Hannover & Region. Spezialisiert auf Baulohn, SOKA-Bau & Handwerksbetriebe. Fach-Faktura \u2013 Erfahrung seit 2013.","breadcrumb":{"@id":"https:\/\/fach-faktura.de\/?page_id=50#breadcrumb"},"inLanguage":"de","potentialAction":[{"@type":"ReadAction","target":["https:\/\/fach-faktura.de\/?page_id=50"]}]},{"@type":"BreadcrumbList","@id":"https:\/\/fach-faktura.de\/?page_id=50#breadcrumb","itemListElement":[{"@type":"ListItem","position":1,"name":"Startseite","item":"https:\/\/fach-faktura.de\/"},{"@type":"ListItem","position":2,"name":"Impressum"}]},{"@type":"WebSite","@id":"https:\/\/fach-faktura.de\/#website","url":"https:\/\/fach-faktura.de\/","name":"FACH-FAKTURA - Professionelle Lohnabrechnung seit 2013","description":"Lohnabrechnung Hannover &amp; Region seit 2013","publisher":{"@id":"https:\/\/fach-faktura.de\/#organization"},"alternateName":"FACH-FAKTURA GmbH","potentialAction":[{"@type":"SearchAction","target":{"@type":"EntryPoint","urlTemplate":"https:\/\/fach-faktura.de\/?s={search_term_string}"},"query-input":{"@type":"PropertyValueSpecification","valueRequired":true,"valueName":"search_term_string"}}],"inLanguage":"de"},{"@type":"Organization","@id":"https:\/\/fach-faktura.de\/#organization","name":"Fach-Faktura GmbH","url":"https:\/\/fach-faktura.de\/","logo":{"@type":"ImageObject","inLanguage":"de","@id":"https:\/\/fach-faktura.de\/#\/schema\/logo\/image\/","url":"https:\/\/fach-faktura.de\/wp-content\/uploads\/2025\/08\/cropped-LOGO-FAKTURA-1.jpg","contentUrl":"https:\/\/fach-faktura.de\/wp-content\/uploads\/2025\/08\/cropped-LOGO-FAKTURA-1.jpg","width":512,"height":512,"caption":"Fach-Faktura GmbH"},"image":{"@id":"https:\/\/fach-faktura.de\/#\/schema\/logo\/image\/"},"sameAs":["https:\/\/www.facebook.com\/profile.php?id=61578674406310","https:\/\/www.instagram.com\/fachfakturagmbh\/","https:\/\/www.linkedin.com\/in\/krystyna-mokin-3a54b8376"]}]}},"_links":{"self":[{"href":"https:\/\/fach-faktura.de\/index.php?rest_route=\/wp\/v2\/pages\/50","targetHints":{"allow":["GET"]}}],"collection":[{"href":"https:\/\/fach-faktura.de\/index.php?rest_route=\/wp\/v2\/pages"}],"about":[{"href":"https:\/\/fach-faktura.de\/index.php?rest_route=\/wp\/v2\/types\/page"}],"author":[{"embeddable":true,"href":"https:\/\/fach-faktura.de\/index.php?rest_route=\/wp\/v2\/users\/1"}],"replies":[{"embeddable":true,"href":"https:\/\/fach-faktura.de\/index.php?rest_route=%2Fwp%2Fv2%2Fcomments&post=50"}],"version-history":[{"count":1,"href":"https:\/\/fach-faktura.de\/index.php?rest_route=\/wp\/v2\/pages\/50\/revisions"}],"predecessor-version":[{"id":51,"href":"https:\/\/fach-faktura.de\/index.php?rest_route=\/wp\/v2\/pages\/50\/revisions\/51"}],"wp:attachment":[{"href":"https:\/\/fach-faktura.de\/index.php?rest_route=%2Fwp%2Fv2%2Fmedia&parent=50"}],"curies":[{"name":"wp","href":"https:\/\/api.w.org\/{rel}","templated":true}]}}